{"id":6991,"date":"2023-04-19T09:57:19","date_gmt":"2023-04-19T09:57:19","guid":{"rendered":"https:\/\/www.upicrop.com\/mision-y-valores\/"},"modified":"2023-09-06T10:51:21","modified_gmt":"2023-09-06T10:51:21","slug":"mision-y-valores","status":"publish","type":"page","link":"https:\/\/www.upicrop.com\/es\/mision-y-valores\/","title":{"rendered":"Misi\u00f3n y valores"},"content":{"rendered":"\t\t<div data-elementor-type=\"wp-page\" data-elementor-id=\"6991\" class=\"elementor elementor-6991 elementor-3488\">\n\t\t\t\t\t\t<section class=\"elementor-section elementor-top-section elementor-element elementor-element-49e4c46 elementor-section-full_width elementor-section-stretched elementor-section-height-default elementor-section-height-default\" data-id=\"49e4c46\" data-element_type=\"section\" data-settings=\"{&quot;stretch_section&quot;:&quot;section-stretched&quot;,&quot;background_background&quot;:&quot;classic&quot;}\">\n\t\t\t\t\t\t<div class=\"elementor-container elementor-column-gap-no\">\n\t\t\t\t\t<div class=\"elementor-column elementor-col-100 elementor-top-column elementor-element elementor-element-5bf5314\" data-id=\"5bf5314\" data-element_type=\"column\" data-settings=\"{&quot;background_background&quot;:&quot;classic&quot;}\">\n\t\t\t<div class=\"elementor-widget-wrap elementor-element-populated\">\n\t\t\t\t\t\t<div class=\"elementor-element elementor-element-205fe9e elementor-widget elementor-widget-spacer\" data-id=\"205fe9e\" data-element_type=\"widget\" data-widget_type=\"spacer.default\">\n\t\t\t\t<div class=\"elementor-widget-container\">\n\t\t\t<style>\/*! elementor - v3.23.0 - 05-08-2024 *\/\n.elementor-column .elementor-spacer-inner{height:var(--spacer-size)}.e-con{--container-widget-width:100%}.e-con-inner>.elementor-widget-spacer,.e-con>.elementor-widget-spacer{width:var(--container-widget-width,var(--spacer-size));--align-self:var(--container-widget-align-self,initial);--flex-shrink:0}.e-con-inner>.elementor-widget-spacer>.elementor-widget-container,.e-con>.elementor-widget-spacer>.elementor-widget-container{height:100%;width:100%}.e-con-inner>.elementor-widget-spacer>.elementor-widget-container>.elementor-spacer,.e-con>.elementor-widget-spacer>.elementor-widget-container>.elementor-spacer{height:100%}.e-con-inner>.elementor-widget-spacer>.elementor-widget-container>.elementor-spacer>.elementor-spacer-inner,.e-con>.elementor-widget-spacer>.elementor-widget-container>.elementor-spacer>.elementor-spacer-inner{height:var(--container-widget-height,var(--spacer-size))}.e-con-inner>.elementor-widget-spacer.elementor-widget-empty,.e-con>.elementor-widget-spacer.elementor-widget-empty{position:relative;min-height:22px;min-width:22px}.e-con-inner>.elementor-widget-spacer.elementor-widget-empty .elementor-widget-empty-icon,.e-con>.elementor-widget-spacer.elementor-widget-empty .elementor-widget-empty-icon{position:absolute;top:0;bottom:0;left:0;right:0;margin:auto;padding:0;width:22px;height:22px}<\/style>\t\t<div class=\"elementor-spacer\">\n\t\t\t<div class=\"elementor-spacer-inner\"><\/div>\n\t\t<\/div>\n\t\t\t\t<\/div>\n\t\t\t\t<\/div>\n\t\t\t\t\t<\/div>\n\t\t<\/div>\n\t\t\t\t\t<\/div>\n\t\t<\/section>\n\t\t\t\t<section class=\"elementor-section elementor-top-section elementor-element elementor-element-aef7f41 elementor-section-boxed elementor-section-height-default elementor-section-height-default\" data-id=\"aef7f41\" data-element_type=\"section\">\n\t\t\t\t\t\t<div class=\"elementor-container elementor-column-gap-no\">\n\t\t\t\t\t<div class=\"elementor-column elementor-col-100 elementor-top-column elementor-element elementor-element-7a2f24b\" data-id=\"7a2f24b\" data-element_type=\"column\">\n\t\t\t<div class=\"elementor-widget-wrap elementor-element-populated\">\n\t\t\t\t\t\t<div class=\"elementor-element elementor-element-d686b2a elementor-widget elementor-widget-spacer\" data-id=\"d686b2a\" data-element_type=\"widget\" data-widget_type=\"spacer.default\">\n\t\t\t\t<div class=\"elementor-widget-container\">\n\t\t\t\t\t<div class=\"elementor-spacer\">\n\t\t\t<div class=\"elementor-spacer-inner\"><\/div>\n\t\t<\/div>\n\t\t\t\t<\/div>\n\t\t\t\t<\/div>\n\t\t\t\t<section class=\"elementor-section elementor-inner-section elementor-element elementor-element-7a777b2 elementor-section-boxed elementor-section-height-default elementor-section-height-default\" data-id=\"7a777b2\" data-element_type=\"section\">\n\t\t\t\t\t\t<div class=\"elementor-container elementor-column-gap-default\">\n\t\t\t\t\t<div class=\"elementor-column elementor-col-50 elementor-inner-column elementor-element elementor-element-53abdc5\" data-id=\"53abdc5\" data-element_type=\"column\">\n\t\t\t<div class=\"elementor-widget-wrap elementor-element-populated\">\n\t\t\t\t\t\t<div class=\"elementor-element elementor-element-ad065bd elementor-widget-tablet__width-auto image-width-full elementor-widget elementor-widget-mae-gallery-stack\" data-id=\"ad065bd\" data-element_type=\"widget\" data-widget_type=\"mae-gallery-stack.default\">\n\t\t\t\t<div class=\"elementor-widget-container\">\n\t\t\t\t\t<div class=\"master-gallery-stack\">\n\t\t\t<div class=\"master-fancy-image master-animation elementor-repeater-item-fb21b26\" data-top=\"0px\" data-animation=\"reveal revealTop2\" data-calcHeight=\"no\">\n\t\t\t\t\t\t\t\t\t<div class=\"image-wrap\"><img fetchpriority=\"high\" decoding=\"async\" width=\"570\" height=\"595\" src=\"https:\/\/www.upicrop.com\/wp-content\/uploads\/2023\/07\/mission10.jpg\" class=\"attachment-full size-full\" alt=\"\" srcset=\"https:\/\/www.upicrop.com\/wp-content\/uploads\/2023\/07\/mission10.jpg 570w, https:\/\/www.upicrop.com\/wp-content\/uploads\/2023\/07\/mission10-287x300.jpg 287w\" sizes=\"(max-width: 570px) 100vw, 570px\" \/><\/div>\n\t\t\t\t\t\t\t\t<\/div><div class=\"master-shape master-animation elementor-repeater-item-9dead25\" data-animation=\"fadeInRightSmall\"><\/div><div class=\"master-text elementor-repeater-item-8afbebc default\" data-parallax='{\"x\" : 0, \"y\" : -50, \"smoothness\" : 30}'><div class=\"inner\"><\/div>\n\t\t\t\t\t\t\t\t<\/div>\t\t<\/div>\n\t    \t\t<\/div>\n\t\t\t\t<\/div>\n\t\t\t\t\t<\/div>\n\t\t<\/div>\n\t\t\t\t<div class=\"elementor-column elementor-col-50 elementor-inner-column elementor-element elementor-element-e624bc4\" data-id=\"e624bc4\" data-element_type=\"column\">\n\t\t\t<div class=\"elementor-widget-wrap elementor-element-populated\">\n\t\t\t\t\t\t<div class=\"elementor-element elementor-element-c2c9501 heading-default elementor-widget elementor-widget-mae-headings\" data-id=\"c2c9501\" data-element_type=\"widget\" data-widget_type=\"mae-headings.default\">\n\t\t\t\t<div class=\"elementor-widget-container\">\n\t\t\t\t\t<div class=\"master-heading sep-none\">\n\t\t\t\t        \t        \t<div class=\"pre-heading\"><span class=\"line\"><span class=\"inner\"><\/span><\/span>UPI Cropscience Co., Ltd<\/div>\n\t        \n\t        \n\t        \t        <h2 class=\"main-heading\">Misi\u00f3n y valores<\/h2>\n\t        \n\t        \n\t        \t    <\/div>\n\t    \t\t<\/div>\n\t\t\t\t<\/div>\n\t\t\t\t<div class=\"elementor-element elementor-element-359331f elementor-widget elementor-widget-heading\" data-id=\"359331f\" data-element_type=\"widget\" data-widget_type=\"heading.default\">\n\t\t\t\t<div class=\"elementor-widget-container\">\n\t\t\t<style>\/*! elementor - v3.23.0 - 05-08-2024 *\/\n.elementor-heading-title{padding:0;margin:0;line-height:1}.elementor-widget-heading .elementor-heading-title[class*=elementor-size-]>a{color:inherit;font-size:inherit;line-height:inherit}.elementor-widget-heading .elementor-heading-title.elementor-size-small{font-size:15px}.elementor-widget-heading .elementor-heading-title.elementor-size-medium{font-size:19px}.elementor-widget-heading .elementor-heading-title.elementor-size-large{font-size:29px}.elementor-widget-heading .elementor-heading-title.elementor-size-xl{font-size:39px}.elementor-widget-heading .elementor-heading-title.elementor-size-xxl{font-size:59px}<\/style><h2 class=\"elementor-heading-title elementor-size-default\">La innovaci\u00f3n ayuda a la agricultura<\/h2>\t\t<\/div>\n\t\t\t\t<\/div>\n\t\t\t\t<div class=\"elementor-element elementor-element-3465075 icon-position-left hover-effect-none elementor-widget elementor-widget-mae-icon-box\" data-id=\"3465075\" data-element_type=\"widget\" data-widget_type=\"mae-icon-box.default\">\n\t\t\t\t<div class=\"elementor-widget-container\">\n\t\t\t                <div class=\"master-icon-box\" >\n                        \n            <div class=\"inner\">\n                <div class=\"icon-wrap\"><div class=\"master-icon\"><i class=\"ci ci-check3\"><\/i><\/div><\/div>\n                <div class=\"text-wrap\">\n                    <h3 class=\"headline-2\">Misi\u00f3n<\/h3><div class=\"desc\">Integramos los recursos agroqu\u00edmicos mundiales, proporcionando soluciones fitosanitarias. Mientras proporcionamos una protecci\u00f3n de cultivos sostenible e innovadora e innovadoras para agricultores de todo el mundo. Conseguimos integrando recursos globales y aprovechando nuestra experiencia en investigaci\u00f3n, desarrollo, producci\u00f3n y comercio internacional. Nuestras soluciones promueven pr\u00e1cticas agr\u00edcolas sostenibles que minimizan el impacto medioambiental y han ayudado a aumentar el rendimiento de los cultivos y los beneficios de los agricultores de diversas regiones.<\/div>                <\/div>\n            <\/div>\n\n            <div class=\"bg-static\"><\/div>        <\/div>\n        \t\t<\/div>\n\t\t\t\t<\/div>\n\t\t\t\t<div class=\"elementor-element elementor-element-32edfa2 icon-position-left hover-effect-none elementor-widget elementor-widget-mae-icon-box\" data-id=\"32edfa2\" data-element_type=\"widget\" data-widget_type=\"mae-icon-box.default\">\n\t\t\t\t<div class=\"elementor-widget-container\">\n\t\t\t                <div class=\"master-icon-box\" >\n                        \n            <div class=\"inner\">\n                <div class=\"icon-wrap\"><div class=\"master-icon\"><i class=\"ci ci-check3\"><\/i><\/div><\/div>\n                <div class=\"text-wrap\">\n                    <h3 class=\"headline-2\">Valores<\/h3><div class=\"desc\">Absorci\u00f3n mundial, beneficio para toda la agricultura del mundo. Nos esforzamos por asimilar excelentes tecnolog\u00edas de protecci\u00f3n de plantas agr\u00edcolas de fuentes tanto nacionales como internacionales. Aprovechando la sabidur\u00eda y la fuerza colectivas de nuestros socios, colegas y agricultores de todo el mundo, pretendemos fomentar el desarrollo agr\u00edcola mundial en beneficio de todos.<\/div>                <\/div>\n            <\/div>\n\n            <div class=\"bg-static\"><\/div>        <\/div>\n        \t\t<\/div>\n\t\t\t\t<\/div>\n\t\t\t\t\t<\/div>\n\t\t<\/div>\n\t\t\t\t\t<\/div>\n\t\t<\/section>\n\t\t\t\t<div class=\"elementor-element elementor-element-543151a elementor-widget elementor-widget-spacer\" data-id=\"543151a\" data-element_type=\"widget\" data-widget_type=\"spacer.default\">\n\t\t\t\t<div class=\"elementor-widget-container\">\n\t\t\t\t\t<div class=\"elementor-spacer\">\n\t\t\t<div class=\"elementor-spacer-inner\"><\/div>\n\t\t<\/div>\n\t\t\t\t<\/div>\n\t\t\t\t<\/div>\n\t\t\t\t\t<\/div>\n\t\t<\/div>\n\t\t\t\t\t<\/div>\n\t\t<\/section>\n\t\t\t\t<section class=\"elementor-section elementor-top-section elementor-element elementor-element-5ee231b elementor-section-full_width elementor-section-stretched elementor-section-height-default elementor-section-height-default\" data-id=\"5ee231b\" data-element_type=\"section\" data-settings=\"{&quot;stretch_section&quot;:&quot;section-stretched&quot;,&quot;background_background&quot;:&quot;classic&quot;}\">\n\t\t\t\t\t\t<div class=\"elementor-container elementor-column-gap-no\">\n\t\t\t\t\t<div class=\"elementor-column elementor-col-100 elementor-top-column elementor-element elementor-element-4913a54\" data-id=\"4913a54\" data-element_type=\"column\">\n\t\t\t<div class=\"elementor-widget-wrap elementor-element-populated\">\n\t\t\t\t\t\t<div class=\"elementor-element elementor-element-0381be5 elementor-widget elementor-widget-spacer\" data-id=\"0381be5\" data-element_type=\"widget\" data-widget_type=\"spacer.default\">\n\t\t\t\t<div class=\"elementor-widget-container\">\n\t\t\t\t\t<div class=\"elementor-spacer\">\n\t\t\t<div class=\"elementor-spacer-inner\"><\/div>\n\t\t<\/div>\n\t\t\t\t<\/div>\n\t\t\t\t<\/div>\n\t\t\t\t<section class=\"elementor-section elementor-inner-section elementor-element elementor-element-1161daa elementor-section-boxed elementor-section-height-default elementor-section-height-default\" data-id=\"1161daa\" data-element_type=\"section\">\n\t\t\t\t\t\t<div class=\"elementor-container elementor-column-gap-default\">\n\t\t\t\t\t<div class=\"elementor-column elementor-col-25 elementor-inner-column elementor-element elementor-element-c39d386\" data-id=\"c39d386\" data-element_type=\"column\">\n\t\t\t<div class=\"elementor-widget-wrap elementor-element-populated\">\n\t\t\t\t\t\t<div class=\"elementor-element elementor-element-6318c65 align-center icon-position-top icon-default icon-has-bg elementor-widget elementor-widget-mae-counter\" data-id=\"6318c65\" data-element_type=\"widget\" data-widget_type=\"mae-counter.default\">\n\t\t\t\t<div class=\"elementor-widget-container\">\n\t\t\t\t\t<div class=\"master-counter\" data-format=\"default\">\n\t\t\t\n\t\t\t<div class=\"inner\">\n\t\t\t\t<div class=\"number-wrap\">\n\t\t\t\t\t<span class=\"number\" data-to=\"2011\" data-time= \"500\"><\/span>\n\t\t\t\t\t\t\t\t\t<\/div>\n\n\t\t\t\t<span class=\"title\">Fund\u00f3<\/span>\t\t\t<\/div>\n\n\t\t\t\t    <\/div>\n\t    \t\t<\/div>\n\t\t\t\t<\/div>\n\t\t\t\t\t<\/div>\n\t\t<\/div>\n\t\t\t\t<div class=\"elementor-column elementor-col-25 elementor-inner-column elementor-element elementor-element-f23e480\" data-id=\"f23e480\" data-element_type=\"column\">\n\t\t\t<div class=\"elementor-widget-wrap elementor-element-populated\">\n\t\t\t\t\t\t<div class=\"elementor-element elementor-element-bc946e7 align-center icon-separator icon-position-top icon-has-bg elementor-widget elementor-widget-mae-counter\" data-id=\"bc946e7\" data-element_type=\"widget\" data-widget_type=\"mae-counter.default\">\n\t\t\t\t<div class=\"elementor-widget-container\">\n\t\t\t\t\t<div class=\"master-counter\" data-format=\"separator\">\n\t\t\t\n\t\t\t<div class=\"inner\">\n\t\t\t\t<div class=\"number-wrap\">\n\t\t\t\t\t<span class=\"number\" data-to=\"300\" data-time= \"2000\"><\/span>\n\t\t\t\t\t<span>+<\/span>\t\t\t\t<\/div>\n\n\t\t\t\t<span class=\"title\">Ingredientes Activos<\/span>\t\t\t<\/div>\n\n\t\t\t\t    <\/div>\n\t    \t\t<\/div>\n\t\t\t\t<\/div>\n\t\t\t\t\t<\/div>\n\t\t<\/div>\n\t\t\t\t<div class=\"elementor-column elementor-col-25 elementor-inner-column elementor-element elementor-element-cb4d499\" data-id=\"cb4d499\" data-element_type=\"column\">\n\t\t\t<div class=\"elementor-widget-wrap elementor-element-populated\">\n\t\t\t\t\t\t<div class=\"elementor-element elementor-element-46a27b9 align-center icon-position-top icon-default icon-has-bg elementor-widget elementor-widget-mae-counter\" data-id=\"46a27b9\" data-element_type=\"widget\" data-widget_type=\"mae-counter.default\">\n\t\t\t\t<div class=\"elementor-widget-container\">\n\t\t\t\t\t<div class=\"master-counter\" data-format=\"default\">\n\t\t\t\n\t\t\t<div class=\"inner\">\n\t\t\t\t<div class=\"number-wrap\">\n\t\t\t\t\t<span class=\"number\" data-to=\"50\" data-time= \"2000\"><\/span>\n\t\t\t\t\t<span>+<\/span>\t\t\t\t<\/div>\n\n\t\t\t\t<span class=\"title\">Pa\u00edses Exportadores<\/span>\t\t\t<\/div>\n\n\t\t\t\t    <\/div>\n\t    \t\t<\/div>\n\t\t\t\t<\/div>\n\t\t\t\t\t<\/div>\n\t\t<\/div>\n\t\t\t\t<div class=\"elementor-column elementor-col-25 elementor-inner-column elementor-element elementor-element-2d71fed\" data-id=\"2d71fed\" data-element_type=\"column\">\n\t\t\t<div class=\"elementor-widget-wrap elementor-element-populated\">\n\t\t\t\t\t\t<div class=\"elementor-element elementor-element-1622d91 align-center icon-separator icon-position-top icon-has-bg elementor-widget elementor-widget-mae-counter\" data-id=\"1622d91\" data-element_type=\"widget\" data-widget_type=\"mae-counter.default\">\n\t\t\t\t<div class=\"elementor-widget-container\">\n\t\t\t\t\t<div class=\"master-counter\" data-format=\"separator\">\n\t\t\t\n\t\t\t<div class=\"inner\">\n\t\t\t\t<div class=\"number-wrap\">\n\t\t\t\t\t<span class=\"number\" data-to=\"1000\" data-time= \"2000\"><\/span>\n\t\t\t\t\t<span>+<\/span>\t\t\t\t<\/div>\n\n\t\t\t\t<span class=\"title\">Productos Registrados\t<\/span>\t\t\t<\/div>\n\n\t\t\t\t    <\/div>\n\t    \t\t<\/div>\n\t\t\t\t<\/div>\n\t\t\t\t\t<\/div>\n\t\t<\/div>\n\t\t\t\t\t<\/div>\n\t\t<\/section>\n\t\t\t\t<div class=\"elementor-element elementor-element-e718d9a elementor-widget elementor-widget-spacer\" data-id=\"e718d9a\" data-element_type=\"widget\" data-widget_type=\"spacer.default\">\n\t\t\t\t<div class=\"elementor-widget-container\">\n\t\t\t\t\t<div class=\"elementor-spacer\">\n\t\t\t<div class=\"elementor-spacer-inner\"><\/div>\n\t\t<\/div>\n\t\t\t\t<\/div>\n\t\t\t\t<\/div>\n\t\t\t\t<div class=\"elementor-element elementor-element-49a22fc align-left elementor-absolute image-width-full elementor-widget elementor-widget-mae-gallery-stack\" data-id=\"49a22fc\" data-element_type=\"widget\" data-settings=\"{&quot;_position&quot;:&quot;absolute&quot;}\" data-widget_type=\"mae-gallery-stack.default\">\n\t\t\t\t<div class=\"elementor-widget-container\">\n\t\t\t\t\t<div class=\"master-gallery-stack\">\n\t\t\t<div class=\"master-fancy-image elementor-repeater-item-74de82a\" data-top=\"0px\" data-parallax='{\"x\" : 0, \"y\" : -50, \"smoothness\" : 30}' data-calcHeight=\"no\">\n\t\t\t\t\t\t\t\t\t<div class=\"image-wrap\"><img decoding=\"async\" width=\"449\" height=\"314\" src=\"https:\/\/www.upicrop.com\/wp-content\/uploads\/2022\/07\/vegetables-01.webp\" class=\"attachment-full size-full\" alt=\"\" srcset=\"https:\/\/www.upicrop.com\/wp-content\/uploads\/2022\/07\/vegetables-01.webp 449w, https:\/\/www.upicrop.com\/wp-content\/uploads\/2022\/07\/vegetables-01-300x210.webp 300w\" sizes=\"(max-width: 449px) 100vw, 449px\" \/><\/div>\n\t\t\t\t\t\t\t\t<\/div>\t\t<\/div>\n\t    \t\t<\/div>\n\t\t\t\t<\/div>\n\t\t\t\t\t<\/div>\n\t\t<\/div>\n\t\t\t\t\t<\/div>\n\t\t<\/section>\n\t\t\t\t<section class=\"elementor-section elementor-top-section elementor-element elementor-element-aa8b6f0 elementor-section-full_width elementor-section-stretched light-animation right elementor-section-height-default elementor-section-height-default\" data-id=\"aa8b6f0\" data-element_type=\"section\" data-settings=\"{&quot;stretch_section&quot;:&quot;section-stretched&quot;,&quot;background_background&quot;:&quot;classic&quot;}\">\n\t\t\t\t\t\t<div class=\"elementor-container elementor-column-gap-no\">\n\t\t\t\t\t<div class=\"elementor-column elementor-col-100 elementor-top-column elementor-element elementor-element-f08fd54\" data-id=\"f08fd54\" data-element_type=\"column\">\n\t\t\t<div class=\"elementor-widget-wrap elementor-element-populated\">\n\t\t\t\t\t\t<div class=\"elementor-element elementor-element-c511f3f elementor-widget elementor-widget-spacer\" data-id=\"c511f3f\" data-element_type=\"widget\" data-widget_type=\"spacer.default\">\n\t\t\t\t<div class=\"elementor-widget-container\">\n\t\t\t\t\t<div class=\"elementor-spacer\">\n\t\t\t<div class=\"elementor-spacer-inner\"><\/div>\n\t\t<\/div>\n\t\t\t\t<\/div>\n\t\t\t\t<\/div>\n\t\t\t\t<div class=\"elementor-element elementor-element-b44958d align-center elementor-widget elementor-widget-mae-video-icon\" data-id=\"b44958d\" data-element_type=\"widget\" data-widget_type=\"mae-video-icon.default\">\n\t\t\t\t<div class=\"elementor-widget-container\">\n\t\t\t\t\t<div class=\"master-video-icon\">\n\t\t\t<div class=\"btn-inner\">\n\t\t        <a aria-label=\"video\" class=\"btn-play popup-video elementor-animation-pulse-shrink\" href=\"https:\/\/www.youtube.com\/watch?v=IOPct4BuLqM\">\n\t\t        \t<i class=\"ci-play-button\"><\/i>\n\n\t\t        \t\t\t        \t<span class=\"p p1\"><\/span>\n\t\t\t\t\t<span class=\"p p2\"><\/span>\n\t\t\t\t\t\t\t        <\/a>\n\t        <\/div>\n\t        \t    <\/div>\n\t    \t\t<\/div>\n\t\t\t\t<\/div>\n\t\t\t\t<div class=\"elementor-element elementor-element-fe858e7 align-center heading-default elementor-widget elementor-widget-mae-headings\" data-id=\"fe858e7\" data-element_type=\"widget\" data-widget_type=\"mae-headings.default\">\n\t\t\t\t<div class=\"elementor-widget-container\">\n\t\t\t\t\t<div class=\"master-heading sep-none\">\n\t\t\t\t        \n\t        \n\t        \t        <h2 class=\"main-heading\">Integrar los recursos mundiales para ofrecer soluciones fitosanitarias<\/h2>\n\t        \n\t        \n\t        \t    <\/div>\n\t    \t\t<\/div>\n\t\t\t\t<\/div>\n\t\t\t\t<div class=\"elementor-element elementor-element-b5b97a9 elementor-widget elementor-widget-spacer\" data-id=\"b5b97a9\" data-element_type=\"widget\" data-widget_type=\"spacer.default\">\n\t\t\t\t<div class=\"elementor-widget-container\">\n\t\t\t\t\t<div class=\"elementor-spacer\">\n\t\t\t<div class=\"elementor-spacer-inner\"><\/div>\n\t\t<\/div>\n\t\t\t\t<\/div>\n\t\t\t\t<\/div>\n\t\t\t\t\t<\/div>\n\t\t<\/div>\n\t\t\t\t\t<\/div>\n\t\t<\/section>\n\t\t\t\t<\/div>\n\t\t\n    <div class=\"xs_social_share_widget xs_share_url after_content \t\tmain_content  wslu-style-1 wslu-share-box-shaped wslu-fill-colored wslu-none wslu-share-horizontal wslu-theme-font-no wslu-main_content\">\n\n\t\t\n        <ul>\n\t\t\t        <\/ul>\n    <\/div> \n","protected":false},"excerpt":{"rendered":"<p>UPI Cropscience Co., Ltd Misi\u00f3n y valores La innovaci\u00f3n ayuda a la agricultura Misi\u00f3n Integramos los recursos agroqu\u00edmicos mundiales, proporcionando soluciones fitosanitarias. Mientras proporcionamos una protecci\u00f3n de cultivos sostenible e innovadora e innovadoras para agricultores de todo el mundo. Conseguimos integrando recursos globales y aprovechando nuestra experiencia en investigaci\u00f3n, desarrollo,<\/p>\n","protected":false},"author":1,"featured_media":0,"parent":0,"menu_order":0,"comment_status":"closed","ping_status":"closed","template":"","meta":{"inline_featured_image":false,"_monsterinsights_skip_tracking":false,"_monsterinsights_sitenote_active":false,"_monsterinsights_sitenote_note":"","_monsterinsights_sitenote_category":0,"footnotes":""},"class_list":["post-6991","page","type-page","status-publish","hentry"],"aioseo_notices":[],"_links":{"self":[{"href":"https:\/\/www.upicrop.com\/es\/wp-json\/wp\/v2\/pages\/6991","targetHints":{"allow":["GET"]}}],"collection":[{"href":"https:\/\/www.upicrop.com\/es\/wp-json\/wp\/v2\/pages"}],"about":[{"href":"https:\/\/www.upicrop.com\/es\/wp-json\/wp\/v2\/types\/page"}],"author":[{"embeddable":true,"href":"https:\/\/www.upicrop.com\/es\/wp-json\/wp\/v2\/users\/1"}],"replies":[{"embeddable":true,"href":"https:\/\/www.upicrop.com\/es\/wp-json\/wp\/v2\/comments?post=6991"}],"version-history":[{"count":16,"href":"https:\/\/www.upicrop.com\/es\/wp-json\/wp\/v2\/pages\/6991\/revisions"}],"predecessor-version":[{"id":7401,"href":"https:\/\/www.upicrop.com\/es\/wp-json\/wp\/v2\/pages\/6991\/revisions\/7401"}],"wp:attachment":[{"href":"https:\/\/www.upicrop.com\/es\/wp-json\/wp\/v2\/media?parent=6991"}],"curies":[{"name":"wp","href":"https:\/\/api.w.org\/{rel}","templated":true}]}}