{"id":7041,"date":"2023-05-22T09:07:48","date_gmt":"2023-05-22T09:07:48","guid":{"rendered":"https:\/\/www.upicrop.com\/registro\/"},"modified":"2023-09-06T10:49:11","modified_gmt":"2023-09-06T10:49:11","slug":"registro","status":"publish","type":"page","link":"https:\/\/www.upicrop.com\/es\/registro\/","title":{"rendered":"Registro"},"content":{"rendered":"\t\t<div data-elementor-type=\"wp-page\" data-elementor-id=\"7041\" class=\"elementor elementor-7041 elementor-4374\">\n\t\t\t\t\t\t<section class=\"elementor-section elementor-top-section elementor-element elementor-element-a1c10da elementor-section-full_width elementor-section-stretched elementor-section-height-default elementor-section-height-default\" data-id=\"a1c10da\" data-element_type=\"section\" data-settings=\"{&quot;stretch_section&quot;:&quot;section-stretched&quot;}\">\n\t\t\t\t\t\t<div class=\"elementor-container elementor-column-gap-default\">\n\t\t\t\t\t<div class=\"elementor-column elementor-col-100 elementor-top-column elementor-element elementor-element-d81ea96\" data-id=\"d81ea96\" data-element_type=\"column\">\n\t\t\t<div class=\"elementor-widget-wrap elementor-element-populated\">\n\t\t\t\t\t\t<div class=\"elementor-element elementor-element-645a901 elementor-widget elementor-widget-mae-fancy-image\" data-id=\"645a901\" data-element_type=\"widget\" data-widget_type=\"mae-fancy-image.default\">\n\t\t\t\t<div class=\"elementor-widget-container\">\n\t\t\t\t\t\t<div class=\"master-fancy-image\">\n\t\t\t\t<div class=\"image-wrap\">\n\t\t\t\t\t<img fetchpriority=\"high\" decoding=\"async\" width=\"1500\" height=\"600\" src=\"https:\/\/www.upicrop.com\/wp-content\/uploads\/2023\/07\/registration4.jpg\" class=\"attachment-full size-full\" alt=\"\" srcset=\"https:\/\/www.upicrop.com\/wp-content\/uploads\/2023\/07\/registration4.jpg 1500w, https:\/\/www.upicrop.com\/wp-content\/uploads\/2023\/07\/registration4-300x120.jpg 300w, https:\/\/www.upicrop.com\/wp-content\/uploads\/2023\/07\/registration4-1024x410.jpg 1024w, https:\/\/www.upicrop.com\/wp-content\/uploads\/2023\/07\/registration4-768x307.jpg 768w, https:\/\/www.upicrop.com\/wp-content\/uploads\/2023\/07\/registration4-600x240.jpg 600w\" sizes=\"(max-width: 1500px) 100vw, 1500px\" \/>\n\t\t\t\t\t\t\t\t\t<\/div>\n\t\t\t<\/div>\n\t\t\t\t<\/div>\n\t\t\t\t<\/div>\n\t\t\t\t<div class=\"elementor-element elementor-element-c48b1c0 elementor-widget elementor-widget-spacer\" data-id=\"c48b1c0\" data-element_type=\"widget\" data-widget_type=\"spacer.default\">\n\t\t\t\t<div class=\"elementor-widget-container\">\n\t\t\t<style>\/*! elementor - v3.23.0 - 05-08-2024 *\/\n.elementor-column .elementor-spacer-inner{height:var(--spacer-size)}.e-con{--container-widget-width:100%}.e-con-inner>.elementor-widget-spacer,.e-con>.elementor-widget-spacer{width:var(--container-widget-width,var(--spacer-size));--align-self:var(--container-widget-align-self,initial);--flex-shrink:0}.e-con-inner>.elementor-widget-spacer>.elementor-widget-container,.e-con>.elementor-widget-spacer>.elementor-widget-container{height:100%;width:100%}.e-con-inner>.elementor-widget-spacer>.elementor-widget-container>.elementor-spacer,.e-con>.elementor-widget-spacer>.elementor-widget-container>.elementor-spacer{height:100%}.e-con-inner>.elementor-widget-spacer>.elementor-widget-container>.elementor-spacer>.elementor-spacer-inner,.e-con>.elementor-widget-spacer>.elementor-widget-container>.elementor-spacer>.elementor-spacer-inner{height:var(--container-widget-height,var(--spacer-size))}.e-con-inner>.elementor-widget-spacer.elementor-widget-empty,.e-con>.elementor-widget-spacer.elementor-widget-empty{position:relative;min-height:22px;min-width:22px}.e-con-inner>.elementor-widget-spacer.elementor-widget-empty .elementor-widget-empty-icon,.e-con>.elementor-widget-spacer.elementor-widget-empty .elementor-widget-empty-icon{position:absolute;top:0;bottom:0;left:0;right:0;margin:auto;padding:0;width:22px;height:22px}<\/style>\t\t<div class=\"elementor-spacer\">\n\t\t\t<div class=\"elementor-spacer-inner\"><\/div>\n\t\t<\/div>\n\t\t\t\t<\/div>\n\t\t\t\t<\/div>\n\t\t\t\t\t<\/div>\n\t\t<\/div>\n\t\t\t\t\t<\/div>\n\t\t<\/section>\n\t\t\t\t<section class=\"elementor-section elementor-top-section elementor-element elementor-element-9d824d2 elementor-section-boxed elementor-section-height-default elementor-section-height-default\" data-id=\"9d824d2\" data-element_type=\"section\">\n\t\t\t\t\t\t<div class=\"elementor-container elementor-column-gap-default\">\n\t\t\t\t\t<div class=\"elementor-column elementor-col-100 elementor-top-column elementor-element elementor-element-cab5ede\" data-id=\"cab5ede\" data-element_type=\"column\">\n\t\t\t<div class=\"elementor-widget-wrap elementor-element-populated\">\n\t\t\t\t\t\t<div class=\"elementor-element elementor-element-b647f07 heading-default elementor-widget elementor-widget-mae-headings\" data-id=\"b647f07\" data-element_type=\"widget\" data-widget_type=\"mae-headings.default\">\n\t\t\t\t<div class=\"elementor-widget-container\">\n\t\t\t\t\t<div class=\"master-heading sep-none\">\n\t\t\t\t        \t        \t<div class=\"pre-heading\"><span class=\"line\"><span class=\"inner\"><\/span><\/span>UPI Cropscience Co., Ltd<\/div>\n\t        \n\t        \n\t        \t        <h2 class=\"main-heading\">Registro<\/h2>\n\t        \n\t        \n\t        \t    <\/div>\n\t    \t\t<\/div>\n\t\t\t\t<\/div>\n\t\t\t\t<section class=\"elementor-section elementor-inner-section elementor-element elementor-element-b395467 elementor-section-boxed elementor-section-height-default elementor-section-height-default\" data-id=\"b395467\" data-element_type=\"section\">\n\t\t\t\t\t\t<div class=\"elementor-container elementor-column-gap-default\">\n\t\t\t\t\t<div class=\"elementor-column elementor-col-50 elementor-inner-column elementor-element elementor-element-b34029b\" data-id=\"b34029b\" data-element_type=\"column\">\n\t\t\t<div class=\"elementor-widget-wrap elementor-element-populated\">\n\t\t\t\t\t\t<div class=\"elementor-element elementor-element-e37ae17 icon-default elementor-widget elementor-widget-mae-text-box\" data-id=\"e37ae17\" data-element_type=\"widget\" data-widget_type=\"mae-text-box.default\">\n\t\t\t\t<div class=\"elementor-widget-container\">\n\t\t\t\n\t\t<div class=\"master-text-box\">\n\t\t\t<h3 class=\"title\">\n\t\t\t\t\t\t\t\t\t<span class=\"icon-wrap\">\n\t\t\t\t        \t\t\t        <\/span> \n\t\t\t\t\n\t\t\t\t\t\t\t<\/h3>\n\t        \n\t        <div class=\"text\">UPI cuenta con un equipo de registro especializado con experiencia en el cumplimiento de normativas y requisitos internacionales. Nuestro equipo ha preparado informes de GLP de la OECD para m\u00e1s de 100 productos, que pueden respaldar el registro de productos en muchos pa\u00edses y regiones de todo el mundo. Entre ellos se incluyen el sudeste asi\u00e1tico (como Tailandia, Vietnam, Filipinas e Indonesia), Am\u00e9rica (como Argentina, M\u00e9xico, Brasil, Per\u00fa y pa\u00edses de Am\u00e9rica Central), \u00c1frica (como Egipto, Tanzania, Sud\u00e1frica y Kenia), la Uni\u00f3n Europea y Australia.<\/div>\t    <\/div>\n\n\t    \t\t<\/div>\n\t\t\t\t<\/div>\n\t\t\t\t<div class=\"elementor-element elementor-element-6822045 elementor-widget elementor-widget-spacer\" data-id=\"6822045\" data-element_type=\"widget\" data-widget_type=\"spacer.default\">\n\t\t\t\t<div class=\"elementor-widget-container\">\n\t\t\t\t\t<div class=\"elementor-spacer\">\n\t\t\t<div class=\"elementor-spacer-inner\"><\/div>\n\t\t<\/div>\n\t\t\t\t<\/div>\n\t\t\t\t<\/div>\n\t\t\t\t<div class=\"elementor-element elementor-element-3838612 icon-default elementor-widget elementor-widget-mae-text-box\" data-id=\"3838612\" data-element_type=\"widget\" data-widget_type=\"mae-text-box.default\">\n\t\t\t\t<div class=\"elementor-widget-container\">\n\t\t\t\n\t\t<div class=\"master-text-box\">\n\t\t\t<h3 class=\"title\">\n\t\t\t\t\t\t\t\t\t<span class=\"icon-wrap\">\n\t\t\t\t        \t\t\t        <\/span> \n\t\t\t\t\n\t\t\t\t\t\t\t<\/h3>\n\t        \n\t        <div class=\"text\">Actualmente, tenemos m\u00e1s de 1.000 productos registrados en nuestro pa\u00eds y en el extranjero, incluidos 50 productos registrados por pa\u00edses miembros de la OECD. Los pa\u00edses miembros de la OECD son pa\u00edses que se han unido a la Organizaci\u00f3n para la Cooperaci\u00f3n y el Desarrollo Econ\u00f3micos, una organizaci\u00f3n internacional que promueve el crecimiento econ\u00f3mico, el comercio y el desarrollo. Esto es importante porque los productos registrados por pa\u00edses miembros de la OECD son reconocidos por sus elevadas normas de calidad y seguridad, y pueden comercializarse internacionalmente con mayor facilidad.<\/div>\t    <\/div>\n\n\t    \t\t<\/div>\n\t\t\t\t<\/div>\n\t\t\t\t<div class=\"elementor-element elementor-element-1675617 elementor-widget elementor-widget-spacer\" data-id=\"1675617\" data-element_type=\"widget\" data-widget_type=\"spacer.default\">\n\t\t\t\t<div class=\"elementor-widget-container\">\n\t\t\t\t\t<div class=\"elementor-spacer\">\n\t\t\t<div class=\"elementor-spacer-inner\"><\/div>\n\t\t<\/div>\n\t\t\t\t<\/div>\n\t\t\t\t<\/div>\n\t\t\t\t<div class=\"elementor-element elementor-element-7a3cf7c icon-default elementor-widget elementor-widget-mae-text-box\" data-id=\"7a3cf7c\" data-element_type=\"widget\" data-widget_type=\"mae-text-box.default\">\n\t\t\t\t<div class=\"elementor-widget-container\">\n\t\t\t\n\t\t<div class=\"master-text-box\">\n\t\t\t<h3 class=\"title\">\n\t\t\t\t\t\t\t\t\t<span class=\"icon-wrap\">\n\t\t\t\t        \t\t\t        <\/span> \n\t\t\t\t\n\t\t\t\t\t\t\t<\/h3>\n\t        \n\t        <div class=\"text\">En general, el equipo de registro de UPI se compromete a apoyar el registro de productos en muchos pa\u00edses y regiones de todo el mundo, y nuestra amplia cartera de productos registrados es un testimonio de nuestro compromiso con la calidad y la seguridad.<\/div>\t    <\/div>\n\n\t    \t\t<\/div>\n\t\t\t\t<\/div>\n\t\t\t\t<div class=\"elementor-element elementor-element-9f0ef17 elementor-widget elementor-widget-spacer\" data-id=\"9f0ef17\" data-element_type=\"widget\" data-widget_type=\"spacer.default\">\n\t\t\t\t<div class=\"elementor-widget-container\">\n\t\t\t\t\t<div class=\"elementor-spacer\">\n\t\t\t<div class=\"elementor-spacer-inner\"><\/div>\n\t\t<\/div>\n\t\t\t\t<\/div>\n\t\t\t\t<\/div>\n\t\t\t\t\t<\/div>\n\t\t<\/div>\n\t\t\t\t<div class=\"elementor-column elementor-col-50 elementor-inner-column elementor-element elementor-element-2109044\" data-id=\"2109044\" data-element_type=\"column\">\n\t\t\t<div class=\"elementor-widget-wrap elementor-element-populated\">\n\t\t\t\t\t\t<div class=\"elementor-element elementor-element-2eb0161 elementor-widget elementor-widget-text-editor\" data-id=\"2eb0161\" data-element_type=\"widget\" data-widget_type=\"text-editor.default\">\n\t\t\t\t<div class=\"elementor-widget-container\">\n\t\t\t<style>\/*! elementor - v3.23.0 - 05-08-2024 *\/\n.elementor-widget-text-editor.elementor-drop-cap-view-stacked .elementor-drop-cap{background-color:#69727d;color:#fff}.elementor-widget-text-editor.elementor-drop-cap-view-framed .elementor-drop-cap{color:#69727d;border:3px solid;background-color:transparent}.elementor-widget-text-editor:not(.elementor-drop-cap-view-default) .elementor-drop-cap{margin-top:8px}.elementor-widget-text-editor:not(.elementor-drop-cap-view-default) .elementor-drop-cap-letter{width:1em;height:1em}.elementor-widget-text-editor .elementor-drop-cap{float:left;text-align:center;line-height:1;font-size:50px}.elementor-widget-text-editor .elementor-drop-cap-letter{display:inline-block}<\/style>\t\t\t\t<table class=\"green\"><tbody><tr><th colspan=\"3\"><center><p>Nuestro n\u00famero de registro<\/p><\/center><\/th><\/tr><tr><td>PD20182669<\/td><td>PD20093655<\/td><td>PD20131217<\/td><\/tr><tr><td>PD20093609<\/td><td>PD20130912<\/td><td>PD20093506<\/td><\/tr><tr><td>PD20070076<\/td><td>PD20092245<\/td><td>PD20120270<\/td><\/tr><tr><td>PD20091694<\/td><td>PD20170174<\/td><td>PD20090698<\/td><\/tr><tr><td>PD20212236<\/td><td>PD20090694<\/td><td>PD20211814<\/td><\/tr><tr><td>PD20090487<\/td><td>PD86131-5<\/td><td>PD20085725<\/td><\/tr><tr><td>PD91104-28<\/td><td>PD20085456<\/td><td>PD85157-25<\/td><\/tr><tr><td>PD20085452<\/td><td>PD85156-4<\/td><td>PD20085126<\/td><\/tr><tr><td>PD20201033<\/td><td>PD20132590<\/td><td>PD85157-8<\/td><\/tr><tr><td>PD20084475<\/td><td>PD20151254<\/td><td>PD20084382<\/td><\/tr><tr><td>PD20151000<\/td><td>PD20084315<\/td><td>PD85105-15<\/td><\/tr><tr><td>PD20084231<\/td><td>PD84118-25<\/td><td>PD20083922<\/td><\/tr><tr><td>PD20040413<\/td><td>PD20083705<\/td><td>PD20097612<\/td><\/tr><tr><td>PD20083327<\/td><td>PD20096117<\/td><td>PD20083236<\/td><\/tr><tr><td>PD20094856<\/td><td>PD20082901<\/td><td>PD20094151<\/td><\/tr><tr><td colspan=\"3\"><center><p><strong>M\u00e1s&#8230;<\/strong><\/p><\/center><\/td><\/tr><\/tbody><\/table>\t\t\t\t\t\t<\/div>\n\t\t\t\t<\/div>\n\t\t\t\t\t<\/div>\n\t\t<\/div>\n\t\t\t\t\t<\/div>\n\t\t<\/section>\n\t\t\t\t\t<\/div>\n\t\t<\/div>\n\t\t\t\t\t<\/div>\n\t\t<\/section>\n\t\t\t\t<\/div>\n\t\t\n    <div class=\"xs_social_share_widget xs_share_url after_content \t\tmain_content  wslu-style-1 wslu-share-box-shaped wslu-fill-colored wslu-none wslu-share-horizontal wslu-theme-font-no wslu-main_content\">\n\n\t\t\n        <ul>\n\t\t\t        <\/ul>\n    <\/div> \n","protected":false},"excerpt":{"rendered":"<p>UPI Cropscience Co., Ltd Registro UPI cuenta con un equipo de registro especializado con experiencia en el cumplimiento de normativas y requisitos internacionales. Nuestro equipo ha preparado informes de GLP de la OECD para m\u00e1s de 100 productos, que pueden respaldar el registro de productos en muchos pa\u00edses y regiones<\/p>\n","protected":false},"author":1,"featured_media":0,"parent":0,"menu_order":0,"comment_status":"closed","ping_status":"closed","template":"","meta":{"inline_featured_image":false,"_monsterinsights_skip_tracking":false,"_monsterinsights_sitenote_active":false,"_monsterinsights_sitenote_note":"","_monsterinsights_sitenote_category":0,"footnotes":""},"class_list":["post-7041","page","type-page","status-publish","hentry"],"aioseo_notices":[],"_links":{"self":[{"href":"https:\/\/www.upicrop.com\/es\/wp-json\/wp\/v2\/pages\/7041","targetHints":{"allow":["GET"]}}],"collection":[{"href":"https:\/\/www.upicrop.com\/es\/wp-json\/wp\/v2\/pages"}],"about":[{"href":"https:\/\/www.upicrop.com\/es\/wp-json\/wp\/v2\/types\/page"}],"author":[{"embeddable":true,"href":"https:\/\/www.upicrop.com\/es\/wp-json\/wp\/v2\/users\/1"}],"replies":[{"embeddable":true,"href":"https:\/\/www.upicrop.com\/es\/wp-json\/wp\/v2\/comments?post=7041"}],"version-history":[{"count":13,"href":"https:\/\/www.upicrop.com\/es\/wp-json\/wp\/v2\/pages\/7041\/revisions"}],"predecessor-version":[{"id":7386,"href":"https:\/\/www.upicrop.com\/es\/wp-json\/wp\/v2\/pages\/7041\/revisions\/7386"}],"wp:attachment":[{"href":"https:\/\/www.upicrop.com\/es\/wp-json\/wp\/v2\/media?parent=7041"}],"curies":[{"name":"wp","href":"https:\/\/api.w.org\/{rel}","templated":true}]}}