{"id":7049,"date":"2023-05-22T09:39:15","date_gmt":"2023-05-22T09:39:15","guid":{"rendered":"https:\/\/www.upicrop.com\/laboratorio-cualificado\/"},"modified":"2023-09-06T10:48:44","modified_gmt":"2023-09-06T10:48:44","slug":"laboratorio-cualificado","status":"publish","type":"page","link":"https:\/\/www.upicrop.com\/es\/laboratorio-cualificado\/","title":{"rendered":"Laboratorio"},"content":{"rendered":"\t\t<div data-elementor-type=\"wp-page\" data-elementor-id=\"7049\" class=\"elementor elementor-7049 elementor-4401\">\n\t\t\t\t\t\t<section class=\"elementor-section elementor-top-section elementor-element elementor-element-5f6c18b elementor-section-full_width elementor-section-stretched elementor-section-content-bottom elementor-section-height-default elementor-section-height-default\" data-id=\"5f6c18b\" data-element_type=\"section\" data-settings=\"{&quot;stretch_section&quot;:&quot;section-stretched&quot;}\">\n\t\t\t\t\t\t<div class=\"elementor-container elementor-column-gap-default\">\n\t\t\t\t\t<div class=\"elementor-column elementor-col-100 elementor-top-column elementor-element elementor-element-63450af\" data-id=\"63450af\" data-element_type=\"column\">\n\t\t\t<div class=\"elementor-widget-wrap elementor-element-populated\">\n\t\t\t\t\t\t<div class=\"elementor-element elementor-element-6b14d18 elementor-widget elementor-widget-mae-fancy-image\" data-id=\"6b14d18\" data-element_type=\"widget\" data-widget_type=\"mae-fancy-image.default\">\n\t\t\t\t<div class=\"elementor-widget-container\">\n\t\t\t\t\t\t<div class=\"master-fancy-image\">\n\t\t\t\t<div class=\"image-wrap\">\n\t\t\t\t\t<img fetchpriority=\"high\" decoding=\"async\" width=\"1500\" height=\"500\" src=\"https:\/\/www.upicrop.com\/wp-content\/uploads\/2023\/07\/lab11.jpg\" class=\"attachment-full size-full\" alt=\"\" srcset=\"https:\/\/www.upicrop.com\/wp-content\/uploads\/2023\/07\/lab11.jpg 1500w, https:\/\/www.upicrop.com\/wp-content\/uploads\/2023\/07\/lab11-300x100.jpg 300w, https:\/\/www.upicrop.com\/wp-content\/uploads\/2023\/07\/lab11-1024x341.jpg 1024w, https:\/\/www.upicrop.com\/wp-content\/uploads\/2023\/07\/lab11-768x256.jpg 768w, https:\/\/www.upicrop.com\/wp-content\/uploads\/2023\/07\/lab11-600x200.jpg 600w\" sizes=\"(max-width: 1500px) 100vw, 1500px\" \/>\n\t\t\t\t\t\t\t\t\t<\/div>\n\t\t\t<\/div>\n\t\t\t\t<\/div>\n\t\t\t\t<\/div>\n\t\t\t\t<div class=\"elementor-element elementor-element-7d37553 elementor-widget elementor-widget-spacer\" data-id=\"7d37553\" data-element_type=\"widget\" data-widget_type=\"spacer.default\">\n\t\t\t\t<div class=\"elementor-widget-container\">\n\t\t\t<style>\/*! elementor - v3.23.0 - 05-08-2024 *\/\n.elementor-column .elementor-spacer-inner{height:var(--spacer-size)}.e-con{--container-widget-width:100%}.e-con-inner>.elementor-widget-spacer,.e-con>.elementor-widget-spacer{width:var(--container-widget-width,var(--spacer-size));--align-self:var(--container-widget-align-self,initial);--flex-shrink:0}.e-con-inner>.elementor-widget-spacer>.elementor-widget-container,.e-con>.elementor-widget-spacer>.elementor-widget-container{height:100%;width:100%}.e-con-inner>.elementor-widget-spacer>.elementor-widget-container>.elementor-spacer,.e-con>.elementor-widget-spacer>.elementor-widget-container>.elementor-spacer{height:100%}.e-con-inner>.elementor-widget-spacer>.elementor-widget-container>.elementor-spacer>.elementor-spacer-inner,.e-con>.elementor-widget-spacer>.elementor-widget-container>.elementor-spacer>.elementor-spacer-inner{height:var(--container-widget-height,var(--spacer-size))}.e-con-inner>.elementor-widget-spacer.elementor-widget-empty,.e-con>.elementor-widget-spacer.elementor-widget-empty{position:relative;min-height:22px;min-width:22px}.e-con-inner>.elementor-widget-spacer.elementor-widget-empty .elementor-widget-empty-icon,.e-con>.elementor-widget-spacer.elementor-widget-empty .elementor-widget-empty-icon{position:absolute;top:0;bottom:0;left:0;right:0;margin:auto;padding:0;width:22px;height:22px}<\/style>\t\t<div class=\"elementor-spacer\">\n\t\t\t<div class=\"elementor-spacer-inner\"><\/div>\n\t\t<\/div>\n\t\t\t\t<\/div>\n\t\t\t\t<\/div>\n\t\t\t\t\t<\/div>\n\t\t<\/div>\n\t\t\t\t\t<\/div>\n\t\t<\/section>\n\t\t\t\t<section class=\"elementor-section elementor-top-section elementor-element elementor-element-54b14ef elementor-reverse-mobile elementor-section-boxed elementor-section-height-default elementor-section-height-default\" data-id=\"54b14ef\" data-element_type=\"section\">\n\t\t\t\t\t\t<div class=\"elementor-container elementor-column-gap-default\">\n\t\t\t\t\t<div class=\"elementor-column elementor-col-50 elementor-top-column elementor-element elementor-element-d1d8613\" data-id=\"d1d8613\" data-element_type=\"column\" data-settings=\"{&quot;background_background&quot;:&quot;classic&quot;}\">\n\t\t\t<div class=\"elementor-widget-wrap elementor-element-populated\">\n\t\t\t\t\t\t<div class=\"elementor-element elementor-element-ff5c60b elementor-widget elementor-widget-mae-gallery-grid\" data-id=\"ff5c60b\" data-element_type=\"widget\" data-widget_type=\"mae-gallery-grid.default\">\n\t\t\t\t<div class=\"elementor-widget-container\">\n\t\t\t\n        <div class=\"master-portfolio master-galleries\" data-config='{\"columns\":1,\"gapHorizontal\":30,\"gapVertical\":0,\"layoutMode\":\"grid\"}'>\n            <div class=\"galleries cbp\">\n                                    <div class=\"master-gallery cbp-item\">\n                        <div class=\"thumb\">\n                            <a class=\"zoom-popup-mfp\" href=\"https:\/\/www.upicrop.com\/wp-content\/uploads\/2023\/07\/lab12.jpg\"><\/a>\n                            <img decoding=\"async\" width=\"1000\" height=\"500\" src=\"https:\/\/www.upicrop.com\/wp-content\/uploads\/2023\/07\/lab12.jpg\" class=\"attachment-large size-large wp-image-5713\" alt=\"\" srcset=\"https:\/\/www.upicrop.com\/wp-content\/uploads\/2023\/07\/lab12.jpg 1000w, https:\/\/www.upicrop.com\/wp-content\/uploads\/2023\/07\/lab12-300x150.jpg 300w, https:\/\/www.upicrop.com\/wp-content\/uploads\/2023\/07\/lab12-768x384.jpg 768w, https:\/\/www.upicrop.com\/wp-content\/uploads\/2023\/07\/lab12-600x300.jpg 600w\" sizes=\"(max-width: 1000px) 100vw, 1000px\" \/>                        <\/div>\n                    <\/div>\n                                    <div class=\"master-gallery cbp-item\">\n                        <div class=\"thumb\">\n                            <a class=\"zoom-popup-mfp\" href=\"https:\/\/www.upicrop.com\/wp-content\/uploads\/2023\/07\/lab13.jpg\"><\/a>\n                            <img decoding=\"async\" width=\"1000\" height=\"500\" src=\"https:\/\/www.upicrop.com\/wp-content\/uploads\/2023\/07\/lab13.jpg\" class=\"attachment-large size-large wp-image-5717\" alt=\"\" srcset=\"https:\/\/www.upicrop.com\/wp-content\/uploads\/2023\/07\/lab13.jpg 1000w, https:\/\/www.upicrop.com\/wp-content\/uploads\/2023\/07\/lab13-300x150.jpg 300w, https:\/\/www.upicrop.com\/wp-content\/uploads\/2023\/07\/lab13-768x384.jpg 768w, https:\/\/www.upicrop.com\/wp-content\/uploads\/2023\/07\/lab13-600x300.jpg 600w\" sizes=\"(max-width: 1000px) 100vw, 1000px\" \/>                        <\/div>\n                    <\/div>\n                                    <div class=\"master-gallery cbp-item\">\n                        <div class=\"thumb\">\n                            <a class=\"zoom-popup-mfp\" href=\"https:\/\/www.upicrop.com\/wp-content\/uploads\/2023\/05\/lab8.jpg\"><\/a>\n                            <img loading=\"lazy\" decoding=\"async\" width=\"1000\" height=\"500\" src=\"https:\/\/www.upicrop.com\/wp-content\/uploads\/2023\/05\/lab8.jpg\" class=\"attachment-large size-large wp-image-4416\" alt=\"\" srcset=\"https:\/\/www.upicrop.com\/wp-content\/uploads\/2023\/05\/lab8.jpg 1000w, https:\/\/www.upicrop.com\/wp-content\/uploads\/2023\/05\/lab8-300x150.jpg 300w, https:\/\/www.upicrop.com\/wp-content\/uploads\/2023\/05\/lab8-768x384.jpg 768w, https:\/\/www.upicrop.com\/wp-content\/uploads\/2023\/05\/lab8-600x300.jpg 600w\" sizes=\"(max-width: 1000px) 100vw, 1000px\" \/>                        <\/div>\n                    <\/div>\n                            <\/div><!-- galleries -->\n        <\/div><!-- master-portfolio -->\n    \t\t<\/div>\n\t\t\t\t<\/div>\n\t\t\t\t<div class=\"elementor-element elementor-element-927eafb elementor-widget elementor-widget-spacer\" data-id=\"927eafb\" data-element_type=\"widget\" data-widget_type=\"spacer.default\">\n\t\t\t\t<div class=\"elementor-widget-container\">\n\t\t\t\t\t<div class=\"elementor-spacer\">\n\t\t\t<div class=\"elementor-spacer-inner\"><\/div>\n\t\t<\/div>\n\t\t\t\t<\/div>\n\t\t\t\t<\/div>\n\t\t\t\t\t<\/div>\n\t\t<\/div>\n\t\t\t\t<div class=\"elementor-column elementor-col-50 elementor-top-column elementor-element elementor-element-2ef07bc\" data-id=\"2ef07bc\" data-element_type=\"column\">\n\t\t\t<div class=\"elementor-widget-wrap elementor-element-populated\">\n\t\t\t\t\t\t<div class=\"elementor-element elementor-element-80230b8 heading-default elementor-widget elementor-widget-mae-headings\" data-id=\"80230b8\" data-element_type=\"widget\" data-widget_type=\"mae-headings.default\">\n\t\t\t\t<div class=\"elementor-widget-container\">\n\t\t\t\t\t<div class=\"master-heading sep-none\">\n\t\t\t\t        \t        \t<div class=\"pre-heading\"><span class=\"line\"><span class=\"inner\"><\/span><\/span>Henan LJ Testing Labs Co., Ltd<\/div>\n\t        \n\t        \n\t        \t        <h2 class=\"main-heading\">Laboratorio Cualificado<\/h2>\n\t        \n\t        \n\t        \t    <\/div>\n\t    \t\t<\/div>\n\t\t\t\t<\/div>\n\t\t\t\t<div class=\"elementor-element elementor-element-708a560 icon-default elementor-widget elementor-widget-mae-text-box\" data-id=\"708a560\" data-element_type=\"widget\" data-widget_type=\"mae-text-box.default\">\n\t\t\t\t<div class=\"elementor-widget-container\">\n\t\t\t\n\t\t<div class=\"master-text-box\">\n\t\t\t<h3 class=\"title\">\n\t\t\t\t\t\t\t\t\t<span class=\"icon-wrap\">\n\t\t\t\t        \t\t\t        <\/span> \n\t\t\t\t\n\t\t\t\t\t\t\t<\/h3>\n\t        \n\t        <div class=\"text\">Henan LJ Testing Labs Co, Ltd fue fundada en marzo de 2019 en la ciudad de Zhumadian, provincia de Henan. Estamos comprometidos con los residuos de pesticidas & calidad para garantizar la seguridad de los productos agr\u00edcolas. En marzo de 2021, nos otorgaron el laboratorio GLP certificado por el Ministerio de Agricultura y Asuntos Rurales.<\/div>\t    <\/div>\n\n\t    \t\t<\/div>\n\t\t\t\t<\/div>\n\t\t\t\t<div class=\"elementor-element elementor-element-2a61eef elementor-widget elementor-widget-spacer\" data-id=\"2a61eef\" data-element_type=\"widget\" data-widget_type=\"spacer.default\">\n\t\t\t\t<div class=\"elementor-widget-container\">\n\t\t\t\t\t<div class=\"elementor-spacer\">\n\t\t\t<div class=\"elementor-spacer-inner\"><\/div>\n\t\t<\/div>\n\t\t\t\t<\/div>\n\t\t\t\t<\/div>\n\t\t\t\t<div class=\"elementor-element elementor-element-bec38e6 icon-default elementor-widget elementor-widget-mae-text-box\" data-id=\"bec38e6\" data-element_type=\"widget\" data-widget_type=\"mae-text-box.default\">\n\t\t\t\t<div class=\"elementor-widget-container\">\n\t\t\t\n\t\t<div class=\"master-text-box\">\n\t\t\t<h3 class=\"title\">\n\t\t\t\t\t\t\t\t\t<span class=\"icon-wrap\">\n\t\t\t\t        \t\t\t        <\/span> \n\t\t\t\t\n\t\t\t\t\t\t\t<\/h3>\n\t        \n\t        <div class=\"text\">El laboratorio cuenta con una zona de pruebas cubierta de 1680 m<sup>2<\/sup> y una zona de pruebas sobre el terreno de 27947 m<sup>2<\/sup>. Equipado con m\u00e1s de 140 instrumentos avanzados, como cromatograf\u00eda de gases, espectrometr\u00eda de masas por cromatograf\u00eda de gases, cromatograf\u00eda l\u00edquida y espectrometr\u00eda de masas por cromatograf\u00eda l\u00edquida. Registra todo el proceso exp erimental y realiza copias de seguridad para garantizar la seguridad de los datos bas\u00e1ndose en el sistema LIMS, que tiene derechos de propiedad independientes.<\/div>\t    <\/div>\n\n\t    \t\t<\/div>\n\t\t\t\t<\/div>\n\t\t\t\t<div class=\"elementor-element elementor-element-128524a elementor-widget elementor-widget-spacer\" data-id=\"128524a\" data-element_type=\"widget\" data-widget_type=\"spacer.default\">\n\t\t\t\t<div class=\"elementor-widget-container\">\n\t\t\t\t\t<div class=\"elementor-spacer\">\n\t\t\t<div class=\"elementor-spacer-inner\"><\/div>\n\t\t<\/div>\n\t\t\t\t<\/div>\n\t\t\t\t<\/div>\n\t\t\t\t<div class=\"elementor-element elementor-element-f5393f9 icon-default elementor-widget elementor-widget-mae-text-box\" data-id=\"f5393f9\" data-element_type=\"widget\" data-widget_type=\"mae-text-box.default\">\n\t\t\t\t<div class=\"elementor-widget-container\">\n\t\t\t\n\t\t<div class=\"master-text-box\">\n\t\t\t<h3 class=\"title\">\n\t\t\t\t\t\t\t\t\t<span class=\"icon-wrap\">\n\t\t\t\t        \t\t\t        <\/span> \n\t\t\t\t\n\t\t\t\t\t\t\t<\/h3>\n\t        \n\t        <div class=\"text\">El equipo tiene experiencia en pruebas, an\u00e1lisis y gesti\u00f3n de campo, y abarca una amplia gama de cultivos, como trigo, pepino, berenjena, arroz, ma\u00edz, c\u00edtricos, manzana, ca\u00f1a de az\u00facar, tomate y col. Hasta ahora ha tenido cinco patentes y sigue aumentando.<\/div>\t    <\/div>\n\n\t    \t\t<\/div>\n\t\t\t\t<\/div>\n\t\t\t\t<div class=\"elementor-element elementor-element-3d1e615 elementor-widget elementor-widget-spacer\" data-id=\"3d1e615\" data-element_type=\"widget\" data-widget_type=\"spacer.default\">\n\t\t\t\t<div class=\"elementor-widget-container\">\n\t\t\t\t\t<div class=\"elementor-spacer\">\n\t\t\t<div class=\"elementor-spacer-inner\"><\/div>\n\t\t<\/div>\n\t\t\t\t<\/div>\n\t\t\t\t<\/div>\n\t\t\t\t<div class=\"elementor-element elementor-element-b163cde icon-default elementor-widget elementor-widget-mae-text-box\" data-id=\"b163cde\" data-element_type=\"widget\" data-widget_type=\"mae-text-box.default\">\n\t\t\t\t<div class=\"elementor-widget-container\">\n\t\t\t\n\t\t<div class=\"master-text-box\">\n\t\t\t<h3 class=\"title\">\n\t\t\t\t\t\t\t\t\t<span class=\"icon-wrap\">\n\t\t\t\t        \t\t\t        <\/span> \n\t\t\t\t\n\t\t\t\t\t\t\t<\/h3>\n\t        \n\t        <div class=\"text\">En Henan LJ Testing Labs Co., Ltd, nos comprometemos a proporcionar servicios de pruebas de la m\u00e1s alta calidad para garantizar la seguridad de los productos agr\u00edcolas.<\/div>\t    <\/div>\n\n\t    \t\t<\/div>\n\t\t\t\t<\/div>\n\t\t\t\t<div class=\"elementor-element elementor-element-9a782e2 elementor-widget elementor-widget-spacer\" data-id=\"9a782e2\" data-element_type=\"widget\" data-widget_type=\"spacer.default\">\n\t\t\t\t<div class=\"elementor-widget-container\">\n\t\t\t\t\t<div class=\"elementor-spacer\">\n\t\t\t<div class=\"elementor-spacer-inner\"><\/div>\n\t\t<\/div>\n\t\t\t\t<\/div>\n\t\t\t\t<\/div>\n\t\t\t\t\t<\/div>\n\t\t<\/div>\n\t\t\t\t\t<\/div>\n\t\t<\/section>\n\t\t\t\t<\/div>\n\t\t\n    <div class=\"xs_social_share_widget xs_share_url after_content \t\tmain_content  wslu-style-1 wslu-share-box-shaped wslu-fill-colored wslu-none wslu-share-horizontal wslu-theme-font-no wslu-main_content\">\n\n\t\t\n        <ul>\n\t\t\t        <\/ul>\n    <\/div> \n","protected":false},"excerpt":{"rendered":"<p>Henan LJ Testing Labs Co., Ltd Laboratorio Cualificado Henan LJ Testing Labs Co, Ltd fue fundada en marzo de 2019 en la ciudad de Zhumadian, provincia de Henan. Estamos comprometidos con los residuos de pesticidas &#038; calidad para garantizar la seguridad de los productos agr\u00edcolas. En marzo de 2021, nos<\/p>\n","protected":false},"author":1,"featured_media":0,"parent":0,"menu_order":0,"comment_status":"closed","ping_status":"closed","template":"","meta":{"inline_featured_image":false,"_monsterinsights_skip_tracking":false,"_monsterinsights_sitenote_active":false,"_monsterinsights_sitenote_note":"","_monsterinsights_sitenote_category":0,"footnotes":""},"class_list":["post-7049","page","type-page","status-publish","hentry"],"aioseo_notices":[],"_links":{"self":[{"href":"https:\/\/www.upicrop.com\/es\/wp-json\/wp\/v2\/pages\/7049","targetHints":{"allow":["GET"]}}],"collection":[{"href":"https:\/\/www.upicrop.com\/es\/wp-json\/wp\/v2\/pages"}],"about":[{"href":"https:\/\/www.upicrop.com\/es\/wp-json\/wp\/v2\/types\/page"}],"author":[{"embeddable":true,"href":"https:\/\/www.upicrop.com\/es\/wp-json\/wp\/v2\/users\/1"}],"replies":[{"embeddable":true,"href":"https:\/\/www.upicrop.com\/es\/wp-json\/wp\/v2\/comments?post=7049"}],"version-history":[{"count":19,"href":"https:\/\/www.upicrop.com\/es\/wp-json\/wp\/v2\/pages\/7049\/revisions"}],"predecessor-version":[{"id":7383,"href":"https:\/\/www.upicrop.com\/es\/wp-json\/wp\/v2\/pages\/7049\/revisions\/7383"}],"wp:attachment":[{"href":"https:\/\/www.upicrop.com\/es\/wp-json\/wp\/v2\/media?parent=7049"}],"curies":[{"name":"wp","href":"https:\/\/api.w.org\/{rel}","templated":true}]}}