{"id":7060,"date":"2023-05-22T10:41:57","date_gmt":"2023-05-22T10:41:57","guid":{"rendered":"https:\/\/www.upicrop.com\/plataforma-de-oficina-colaborativa\/"},"modified":"2023-09-06T10:48:19","modified_gmt":"2023-09-06T10:48:19","slug":"plataforma-de-oficina-colaborativa","status":"publish","type":"page","link":"https:\/\/www.upicrop.com\/es\/plataforma-de-oficina-colaborativa\/","title":{"rendered":"Plataforma"},"content":{"rendered":"\t\t<div data-elementor-type=\"wp-page\" data-elementor-id=\"7060\" class=\"elementor elementor-7060 elementor-4420\">\n\t\t\t\t\t\t<section class=\"elementor-section elementor-top-section elementor-element elementor-element-983c116 elementor-section-full_width elementor-section-stretched elementor-section-content-top elementor-section-height-default elementor-section-height-default\" data-id=\"983c116\" data-element_type=\"section\" data-settings=\"{&quot;stretch_section&quot;:&quot;section-stretched&quot;}\">\n\t\t\t\t\t\t<div class=\"elementor-container elementor-column-gap-default\">\n\t\t\t\t\t<div class=\"elementor-column elementor-col-100 elementor-top-column elementor-element elementor-element-13f481d\" data-id=\"13f481d\" data-element_type=\"column\">\n\t\t\t<div class=\"elementor-widget-wrap elementor-element-populated\">\n\t\t\t\t\t\t<div class=\"elementor-element elementor-element-eb68906 elementor-widget elementor-widget-mae-fancy-image\" data-id=\"eb68906\" data-element_type=\"widget\" data-widget_type=\"mae-fancy-image.default\">\n\t\t\t\t<div class=\"elementor-widget-container\">\n\t\t\t\t\t\t<div class=\"master-fancy-image\">\n\t\t\t\t<div class=\"image-wrap\">\n\t\t\t\t\t<img fetchpriority=\"high\" decoding=\"async\" width=\"1500\" height=\"500\" src=\"https:\/\/www.upicrop.com\/wp-content\/uploads\/2023\/07\/upi-plat1.jpg\" class=\"attachment-full size-full\" alt=\"\" srcset=\"https:\/\/www.upicrop.com\/wp-content\/uploads\/2023\/07\/upi-plat1.jpg 1500w, https:\/\/www.upicrop.com\/wp-content\/uploads\/2023\/07\/upi-plat1-300x100.jpg 300w, https:\/\/www.upicrop.com\/wp-content\/uploads\/2023\/07\/upi-plat1-1024x341.jpg 1024w, https:\/\/www.upicrop.com\/wp-content\/uploads\/2023\/07\/upi-plat1-768x256.jpg 768w, https:\/\/www.upicrop.com\/wp-content\/uploads\/2023\/07\/upi-plat1-600x200.jpg 600w\" sizes=\"(max-width: 1500px) 100vw, 1500px\" \/>\n\t\t\t\t\t\t\t\t\t<\/div>\n\t\t\t<\/div>\n\t\t\t\t<\/div>\n\t\t\t\t<\/div>\n\t\t\t\t<div class=\"elementor-element elementor-element-4823b58 elementor-widget elementor-widget-spacer\" data-id=\"4823b58\" data-element_type=\"widget\" data-widget_type=\"spacer.default\">\n\t\t\t\t<div class=\"elementor-widget-container\">\n\t\t\t<style>\/*! elementor - v3.23.0 - 05-08-2024 *\/\n.elementor-column .elementor-spacer-inner{height:var(--spacer-size)}.e-con{--container-widget-width:100%}.e-con-inner>.elementor-widget-spacer,.e-con>.elementor-widget-spacer{width:var(--container-widget-width,var(--spacer-size));--align-self:var(--container-widget-align-self,initial);--flex-shrink:0}.e-con-inner>.elementor-widget-spacer>.elementor-widget-container,.e-con>.elementor-widget-spacer>.elementor-widget-container{height:100%;width:100%}.e-con-inner>.elementor-widget-spacer>.elementor-widget-container>.elementor-spacer,.e-con>.elementor-widget-spacer>.elementor-widget-container>.elementor-spacer{height:100%}.e-con-inner>.elementor-widget-spacer>.elementor-widget-container>.elementor-spacer>.elementor-spacer-inner,.e-con>.elementor-widget-spacer>.elementor-widget-container>.elementor-spacer>.elementor-spacer-inner{height:var(--container-widget-height,var(--spacer-size))}.e-con-inner>.elementor-widget-spacer.elementor-widget-empty,.e-con>.elementor-widget-spacer.elementor-widget-empty{position:relative;min-height:22px;min-width:22px}.e-con-inner>.elementor-widget-spacer.elementor-widget-empty .elementor-widget-empty-icon,.e-con>.elementor-widget-spacer.elementor-widget-empty .elementor-widget-empty-icon{position:absolute;top:0;bottom:0;left:0;right:0;margin:auto;padding:0;width:22px;height:22px}<\/style>\t\t<div class=\"elementor-spacer\">\n\t\t\t<div class=\"elementor-spacer-inner\"><\/div>\n\t\t<\/div>\n\t\t\t\t<\/div>\n\t\t\t\t<\/div>\n\t\t\t\t\t<\/div>\n\t\t<\/div>\n\t\t\t\t\t<\/div>\n\t\t<\/section>\n\t\t\t\t<section class=\"elementor-section elementor-top-section elementor-element elementor-element-c1c4a59 elementor-reverse-mobile elementor-section-boxed elementor-section-height-default elementor-section-height-default\" data-id=\"c1c4a59\" data-element_type=\"section\">\n\t\t\t\t\t\t<div class=\"elementor-container elementor-column-gap-default\">\n\t\t\t\t\t<div class=\"elementor-column elementor-col-50 elementor-top-column elementor-element elementor-element-cc1b1c0\" data-id=\"cc1b1c0\" data-element_type=\"column\" data-settings=\"{&quot;background_background&quot;:&quot;classic&quot;}\">\n\t\t\t<div class=\"elementor-widget-wrap elementor-element-populated\">\n\t\t\t\t\t\t<div class=\"elementor-element elementor-element-0e0dbd3 elementor-widget elementor-widget-spacer\" data-id=\"0e0dbd3\" data-element_type=\"widget\" data-widget_type=\"spacer.default\">\n\t\t\t\t<div class=\"elementor-widget-container\">\n\t\t\t\t\t<div class=\"elementor-spacer\">\n\t\t\t<div class=\"elementor-spacer-inner\"><\/div>\n\t\t<\/div>\n\t\t\t\t<\/div>\n\t\t\t\t<\/div>\n\t\t\t\t<div class=\"elementor-element elementor-element-ee91777 elementor-widget elementor-widget-mae-fancy-image\" data-id=\"ee91777\" data-element_type=\"widget\" data-widget_type=\"mae-fancy-image.default\">\n\t\t\t\t<div class=\"elementor-widget-container\">\n\t\t\t\t\t\t<div class=\"master-fancy-image\">\n\t\t\t\t<div class=\"image-wrap\">\n\t\t\t\t\t<img decoding=\"async\" width=\"1080\" height=\"939\" src=\"https:\/\/www.upicrop.com\/wp-content\/uploads\/2023\/07\/platform.png\" class=\"attachment-full size-full\" alt=\"\" srcset=\"https:\/\/www.upicrop.com\/wp-content\/uploads\/2023\/07\/platform.png 1080w, https:\/\/www.upicrop.com\/wp-content\/uploads\/2023\/07\/platform-300x261.png 300w, https:\/\/www.upicrop.com\/wp-content\/uploads\/2023\/07\/platform-1024x890.png 1024w, https:\/\/www.upicrop.com\/wp-content\/uploads\/2023\/07\/platform-768x668.png 768w, https:\/\/www.upicrop.com\/wp-content\/uploads\/2023\/07\/platform-600x522.png 600w\" sizes=\"(max-width: 1080px) 100vw, 1080px\" \/>\n\t\t\t\t\t\t\t\t\t<\/div>\n\t\t\t<\/div>\n\t\t\t\t<\/div>\n\t\t\t\t<\/div>\n\t\t\t\t\t<\/div>\n\t\t<\/div>\n\t\t\t\t<div class=\"elementor-column elementor-col-50 elementor-top-column elementor-element elementor-element-8439a94\" data-id=\"8439a94\" data-element_type=\"column\">\n\t\t\t<div class=\"elementor-widget-wrap elementor-element-populated\">\n\t\t\t\t\t\t<div class=\"elementor-element elementor-element-d6c9c1e heading-default elementor-widget elementor-widget-mae-headings\" data-id=\"d6c9c1e\" data-element_type=\"widget\" data-widget_type=\"mae-headings.default\">\n\t\t\t\t<div class=\"elementor-widget-container\">\n\t\t\t\t\t<div class=\"master-heading sep-none\">\n\t\t\t\t        \t        \t<div class=\"pre-heading\"><span class=\"line\"><span class=\"inner\"><\/span><\/span>Yun Cropcare Co., Ltd,<\/div>\n\t        \n\t        \n\t        \t        <h2 class=\"main-heading\">Plataforma de oficina colaborativa<\/h2>\n\t        \n\t        \n\t        \t    <\/div>\n\t    \t\t<\/div>\n\t\t\t\t<\/div>\n\t\t\t\t<div class=\"elementor-element elementor-element-f5b757f icon-default elementor-widget elementor-widget-mae-text-box\" data-id=\"f5b757f\" data-element_type=\"widget\" data-widget_type=\"mae-text-box.default\">\n\t\t\t\t<div class=\"elementor-widget-container\">\n\t\t\t\n\t\t<div class=\"master-text-box\">\n\t\t\t<h3 class=\"title\">\n\t\t\t\t\t\t\t\t\t<span class=\"icon-wrap\">\n\t\t\t\t        \t\t\t        <\/span> \n\t\t\t\t\n\t\t\t\t\t\t\t<\/h3>\n\t        \n\t        <div class=\"text\">Como l\u00edder del sector agroqu\u00edmico, nuestra plataforma de comercio electr\u00f3nico cuenta con tecnolog\u00eda de vanguardia que integra big data, inteligencia artificial y ERPCRM (gesti\u00f3n de las relaciones con los clientes) para ofrecer a nuestros clientes una experiencia fluida e intuitiva.<\/div>\t    <\/div>\n\n\t    \t\t<\/div>\n\t\t\t\t<\/div>\n\t\t\t\t<div class=\"elementor-element elementor-element-0739bd0 elementor-widget elementor-widget-spacer\" data-id=\"0739bd0\" data-element_type=\"widget\" data-widget_type=\"spacer.default\">\n\t\t\t\t<div class=\"elementor-widget-container\">\n\t\t\t\t\t<div class=\"elementor-spacer\">\n\t\t\t<div class=\"elementor-spacer-inner\"><\/div>\n\t\t<\/div>\n\t\t\t\t<\/div>\n\t\t\t\t<\/div>\n\t\t\t\t<div class=\"elementor-element elementor-element-09337fa icon-default elementor-widget elementor-widget-mae-text-box\" data-id=\"09337fa\" data-element_type=\"widget\" data-widget_type=\"mae-text-box.default\">\n\t\t\t\t<div class=\"elementor-widget-container\">\n\t\t\t\n\t\t<div class=\"master-text-box\">\n\t\t\t<h3 class=\"title\">\n\t\t\t\t\t\t\t\t\t<span class=\"icon-wrap\">\n\t\t\t\t        \t\t\t        <\/span> \n\t\t\t\t\n\t\t\t\t\t\t\t<\/h3>\n\t        \n\t        <div class=\"text\">Nuestra plataforma de oficina colaborativa es totalmente inteligente y re\u00fane a nuestro departamento interno de compras, el departamento comercial, el departamento de documentaci\u00f3n, el departamento de control de riesgos y el departamento financiero para agilizar la comunicaci\u00f3n y fomentar el trabajo en equipo. Damos prioridad a la experiencia humana, creando una experiencia de oficina \u00fanica para los usuarios de la organizaci\u00f3n que sea f\u00e1cil de usar, eficiente e inteligente.<\/div>\t    <\/div>\n\n\t    \t\t<\/div>\n\t\t\t\t<\/div>\n\t\t\t\t<div class=\"elementor-element elementor-element-848b19a elementor-widget elementor-widget-spacer\" data-id=\"848b19a\" data-element_type=\"widget\" data-widget_type=\"spacer.default\">\n\t\t\t\t<div class=\"elementor-widget-container\">\n\t\t\t\t\t<div class=\"elementor-spacer\">\n\t\t\t<div class=\"elementor-spacer-inner\"><\/div>\n\t\t<\/div>\n\t\t\t\t<\/div>\n\t\t\t\t<\/div>\n\t\t\t\t<div class=\"elementor-element elementor-element-a8a6d76 icon-default elementor-widget elementor-widget-mae-text-box\" data-id=\"a8a6d76\" data-element_type=\"widget\" data-widget_type=\"mae-text-box.default\">\n\t\t\t\t<div class=\"elementor-widget-container\">\n\t\t\t\n\t\t<div class=\"master-text-box\">\n\t\t\t<h3 class=\"title\">\n\t\t\t\t\t\t\t\t\t<span class=\"icon-wrap\">\n\t\t\t\t        \t\t\t        <\/span> \n\t\t\t\t\n\t\t\t\t\t\t\t<\/h3>\n\t        \n\t        <div class=\"text\">Nuestra plataforma inteligente de producci\u00f3n de documentos genera autom\u00e1ticamente un conjunto completo de documentos, mejorando la eficiencia de la elaboraci\u00f3n de facturas en un 50% y aumentando la tasa de limpieza de la entrega de cartas de cr\u00e9dito en un 30%. Esto se traduce en un importante ahorro de tiempo y una mayor eficiencia para nuestros empleados.<\/div>\t    <\/div>\n\n\t    \t\t<\/div>\n\t\t\t\t<\/div>\n\t\t\t\t<div class=\"elementor-element elementor-element-5276abe elementor-widget elementor-widget-spacer\" data-id=\"5276abe\" data-element_type=\"widget\" data-widget_type=\"spacer.default\">\n\t\t\t\t<div class=\"elementor-widget-container\">\n\t\t\t\t\t<div class=\"elementor-spacer\">\n\t\t\t<div class=\"elementor-spacer-inner\"><\/div>\n\t\t<\/div>\n\t\t\t\t<\/div>\n\t\t\t\t<\/div>\n\t\t\t\t<div class=\"elementor-element elementor-element-6f6f7f0 icon-default elementor-widget elementor-widget-mae-text-box\" data-id=\"6f6f7f0\" data-element_type=\"widget\" data-widget_type=\"mae-text-box.default\">\n\t\t\t\t<div class=\"elementor-widget-container\">\n\t\t\t\n\t\t<div class=\"master-text-box\">\n\t\t\t<h3 class=\"title\">\n\t\t\t\t\t\t\t\t\t<span class=\"icon-wrap\">\n\t\t\t\t        \t\t\t        <\/span> \n\t\t\t\t\n\t\t\t\t\t\t\t<\/h3>\n\t        \n\t        <div class=\"text\">Tambi\u00e9n ofrecemos una plataforma en la nube de oficina colaborativa de la cadena de la industria del comercio exterior que conecta a clientes, proveedores, log\u00edstica, transitarios y bancos para mejorar la sinergia de toda la cadena de la industria. Al proporcionar una forma de cooperaci\u00f3n m\u00e1s eficiente, c\u00f3moda y de bajo consumo, ayudamos a cada eslab\u00f3n de la cadena a colaborar de forma eficiente y eficaz. La plataforma tambi\u00e9n acumula datos operativos para proporcionar apoyo a la toma de decisiones para una mayor optimizaci\u00f3n de la gesti\u00f3n y el funcionamiento de la empresa.<\/div>\t    <\/div>\n\n\t    \t\t<\/div>\n\t\t\t\t<\/div>\n\t\t\t\t<div class=\"elementor-element elementor-element-0a68a99 elementor-widget elementor-widget-spacer\" data-id=\"0a68a99\" data-element_type=\"widget\" data-widget_type=\"spacer.default\">\n\t\t\t\t<div class=\"elementor-widget-container\">\n\t\t\t\t\t<div class=\"elementor-spacer\">\n\t\t\t<div class=\"elementor-spacer-inner\"><\/div>\n\t\t<\/div>\n\t\t\t\t<\/div>\n\t\t\t\t<\/div>\n\t\t\t\t<div class=\"elementor-element elementor-element-3a546df icon-default elementor-widget elementor-widget-mae-text-box\" data-id=\"3a546df\" data-element_type=\"widget\" data-widget_type=\"mae-text-box.default\">\n\t\t\t\t<div class=\"elementor-widget-container\">\n\t\t\t\n\t\t<div class=\"master-text-box\">\n\t\t\t<h3 class=\"title\">\n\t\t\t\t\t\t\t\t\t<span class=\"icon-wrap\">\n\t\t\t\t        \t\t\t        <\/span> \n\t\t\t\t\n\t\t\t\t\t\t\t<\/h3>\n\t        \n\t        <div class=\"text\">Nuestra plataforma de intercambio de tecnolog\u00eda de informaci\u00f3n sobre plaguicidas ofrece a nuestros clientes la posibilidad de seguir el progreso de su registro, acceder a la informaci\u00f3n agr\u00edcola m\u00e1s reciente y recibir presupuestos actualizados. En UPI, valoramos nuestro compromiso de construir relaciones s\u00f3lidas con nuestros clientes y nos esforzamos por mejorar su experiencia trabajando juntos hacia el progreso y el \u00e9xito.<\/div>\t    <\/div>\n\n\t    \t\t<\/div>\n\t\t\t\t<\/div>\n\t\t\t\t<div class=\"elementor-element elementor-element-79c28bf elementor-widget elementor-widget-spacer\" data-id=\"79c28bf\" data-element_type=\"widget\" data-widget_type=\"spacer.default\">\n\t\t\t\t<div class=\"elementor-widget-container\">\n\t\t\t\t\t<div class=\"elementor-spacer\">\n\t\t\t<div class=\"elementor-spacer-inner\"><\/div>\n\t\t<\/div>\n\t\t\t\t<\/div>\n\t\t\t\t<\/div>\n\t\t\t\t\t<\/div>\n\t\t<\/div>\n\t\t\t\t\t<\/div>\n\t\t<\/section>\n\t\t\t\t<\/div>\n\t\t\n    <div class=\"xs_social_share_widget xs_share_url after_content \t\tmain_content  wslu-style-1 wslu-share-box-shaped wslu-fill-colored wslu-none wslu-share-horizontal wslu-theme-font-no wslu-main_content\">\n\n\t\t\n        <ul>\n\t\t\t        <\/ul>\n    <\/div> \n","protected":false},"excerpt":{"rendered":"<p>Yun Cropcare Co., Ltd, Plataforma de oficina colaborativa Como l\u00edder del sector agroqu\u00edmico, nuestra plataforma de comercio electr\u00f3nico cuenta con tecnolog\u00eda de vanguardia que integra big data, inteligencia artificial y ERPCRM (gesti\u00f3n de las relaciones con los clientes) para ofrecer a nuestros clientes una experiencia fluida e intuitiva. Nuestra plataforma<\/p>\n","protected":false},"author":1,"featured_media":0,"parent":0,"menu_order":0,"comment_status":"closed","ping_status":"closed","template":"","meta":{"inline_featured_image":false,"_monsterinsights_skip_tracking":false,"_monsterinsights_sitenote_active":false,"_monsterinsights_sitenote_note":"","_monsterinsights_sitenote_category":0,"footnotes":""},"class_list":["post-7060","page","type-page","status-publish","hentry"],"aioseo_notices":[],"_links":{"self":[{"href":"https:\/\/www.upicrop.com\/es\/wp-json\/wp\/v2\/pages\/7060","targetHints":{"allow":["GET"]}}],"collection":[{"href":"https:\/\/www.upicrop.com\/es\/wp-json\/wp\/v2\/pages"}],"about":[{"href":"https:\/\/www.upicrop.com\/es\/wp-json\/wp\/v2\/types\/page"}],"author":[{"embeddable":true,"href":"https:\/\/www.upicrop.com\/es\/wp-json\/wp\/v2\/users\/1"}],"replies":[{"embeddable":true,"href":"https:\/\/www.upicrop.com\/es\/wp-json\/wp\/v2\/comments?post=7060"}],"version-history":[{"count":13,"href":"https:\/\/www.upicrop.com\/es\/wp-json\/wp\/v2\/pages\/7060\/revisions"}],"predecessor-version":[{"id":7380,"href":"https:\/\/www.upicrop.com\/es\/wp-json\/wp\/v2\/pages\/7060\/revisions\/7380"}],"wp:attachment":[{"href":"https:\/\/www.upicrop.com\/es\/wp-json\/wp\/v2\/media?parent=7060"}],"curies":[{"name":"wp","href":"https:\/\/api.w.org\/{rel}","templated":true}]}}